{"id":49873,"date":"2024-07-03T09:39:36","date_gmt":"2024-07-03T07:39:36","guid":{"rendered":"https:\/\/mitraenergy.pl\/?page_id=49873"},"modified":"2024-07-03T09:42:07","modified_gmt":"2024-07-03T07:42:07","slug":"klimatyzacja","status":"publish","type":"page","link":"https:\/\/mitraenergy.pl\/index.php\/klimatyzacja\/","title":{"rendered":"Klimatyzacja"},"content":{"rendered":"<p>[et_pb_section fb_built=&#8221;1&#8243; _builder_version=&#8221;4.18.0&#8243; _module_preset=&#8221;default&#8221; use_background_color_gradient=&#8221;on&#8221; background_color_gradient_direction=&#8221;91deg&#8221; background_color_gradient_stops=&#8221;#000000 0%|rgba(255,255,255,0) 68%&#8221; background_color_gradient_overlays_image=&#8221;on&#8221; background_color_gradient_start=&#8221;rgba(2,5,11,0.3)&#8221; background_color_gradient_end=&#8221;rgba(2,5,11,0.3)&#8221; background_image=&#8221;https:\/\/mitraenergy.pl\/wp-content\/uploads\/2022\/10\/AdobeStock_292964482.jpeg&#8221; custom_padding=&#8221;0px||0px||false|false&#8221; border_color_left=&#8221;#181818&#8243; box_shadow_horizontal_tablet=&#8221;60px&#8221; box_shadow_horizontal_phone=&#8221;30px&#8221; box_shadow_horizontal_last_edited=&#8221;on|phone&#8221; global_module=&#8221;49730&#8243; saved_tabs=&#8221;all&#8221; global_colors_info=&#8221;{}&#8221;][et_pb_row use_custom_gutter=&#8221;on&#8221; gutter_width=&#8221;2&#8243; make_equal=&#8221;on&#8221; custom_padding_last_edited=&#8221;on|phone&#8221; _builder_version=&#8221;4.18.0&#8243; _module_preset=&#8221;default&#8221; width=&#8221;90%&#8221; width_tablet=&#8221;90%&#8221; width_phone=&#8221;90%&#8221; width_last_edited=&#8221;on|desktop&#8221; max_width=&#8221;1110px&#8221; max_width_tablet=&#8221;90%&#8221; max_width_phone=&#8221;90%&#8221; max_width_last_edited=&#8221;on|tablet&#8221; custom_padding=&#8221;5vh||5vh||true|false&#8221; custom_padding_tablet=&#8221;10vh||10vh||true|false&#8221; custom_padding_phone=&#8221;7vh||7vh||true|false&#8221; animation_style=&#8221;slide&#8221; animation_direction=&#8221;top&#8221; animation_duration=&#8221;1500ms&#8221; animation_speed_curve=&#8221;ease&#8221; global_colors_info=&#8221;{}&#8221;][et_pb_column type=&#8221;4_4&#8243; _builder_version=&#8221;4.16&#8243; _module_preset=&#8221;default&#8221; global_colors_info=&#8221;{}&#8221;][et_pb_text _builder_version=&#8221;4.26.0&#8243; _module_preset=&#8221;default&#8221; header_font=&#8221;Jost|700|||||||&#8221; header_text_align=&#8221;left&#8221; header_text_color=&#8221;#FFFFFF&#8221; header_font_size=&#8221;45px&#8221; header_line_height=&#8221;1.2em&#8221; custom_margin=&#8221;||-24px|||&#8221; header_font_size_tablet=&#8221;&#8221; header_font_size_phone=&#8221;30px&#8221; header_font_size_last_edited=&#8221;on|phone&#8221; global_colors_info=&#8221;{}&#8221;]<\/p>\n<h1>Ekologiczne rozwi\u0105zania<br \/>dla domu i firmy<\/h1>\n<p>[\/et_pb_text][et_pb_button button_url=&#8221;tel:725%20655%20786&#8243; button_text=&#8221;Zadzwo\u0144 &#8211; 725 655 786&#8243; button_alignment=&#8221;left&#8221; _builder_version=&#8221;4.18.0&#8243; _module_preset=&#8221;default&#8221; custom_button=&#8221;on&#8221; button_text_size=&#8221;15px&#8221; button_text_color=&#8221;#181818&#8243; button_bg_color=&#8221;#FFFFFF&#8221; button_border_width=&#8221;1px&#8221; button_border_color=&#8221;#FFFFFF&#8221; button_border_radius=&#8221;0px&#8221; button_font=&#8221;Jost|600|||||||&#8221; button_use_icon=&#8221;off&#8221; custom_margin=&#8221;40px||||false|false&#8221; custom_margin_tablet=&#8221;0px||||false|false&#8221; custom_margin_phone=&#8221;20px||||false|false&#8221; custom_margin_last_edited=&#8221;on|phone&#8221; custom_padding=&#8221;10px|20px|10px|20px|true|true&#8221; global_colors_info=&#8221;{}&#8221; button_text_color__hover_enabled=&#8221;on|hover&#8221; button_text_color__hover=&#8221;#000000&#8243; button_bg_color__hover_enabled=&#8221;on|hover&#8221; button_bg_color__hover=&#8221;#ffc905&#8243; button_bg_enable_color__hover=&#8221;on&#8221; button_border_color__hover_enabled=&#8221;on|hover&#8221; button_border_color__hover=&#8221;#c5a47e&#8221; button_letter_spacing__hover_enabled=&#8221;on|desktop&#8221; button_letter_spacing__hover=&#8221;0px&#8221;][\/et_pb_button][\/et_pb_column][\/et_pb_row][\/et_pb_section][et_pb_section fb_built=&#8221;1&#8243; _builder_version=&#8221;4.26.0&#8243; _module_preset=&#8221;default&#8221; background_color=&#8221;#FFFFFF&#8221; custom_padding=&#8221;12px||12px||false|false&#8221; global_colors_info=&#8221;{}&#8221;][et_pb_row use_custom_gutter=&#8221;on&#8221; gutter_width=&#8221;2&#8243; make_equal=&#8221;on&#8221; custom_padding_last_edited=&#8221;on|phone&#8221; _builder_version=&#8221;4.18.0&#8243; _module_preset=&#8221;default&#8221; width=&#8221;90%&#8221; width_tablet=&#8221;90%&#8221; width_phone=&#8221;90%&#8221; width_last_edited=&#8221;on|desktop&#8221; max_width=&#8221;1110px&#8221; max_width_tablet=&#8221;90%&#8221; max_width_phone=&#8221;90%&#8221; max_width_last_edited=&#8221;on|tablet&#8221; custom_padding=&#8221;24px||24px||true|false&#8221; custom_padding_tablet=&#8221;&#8221; custom_padding_phone=&#8221;20px||20px||true|false&#8221; global_colors_info=&#8221;{}&#8221;][et_pb_column type=&#8221;4_4&#8243; _builder_version=&#8221;4.16&#8243; _module_preset=&#8221;default&#8221; global_colors_info=&#8221;{}&#8221;][et_pb_text _builder_version=&#8221;4.26.0&#8243; _module_preset=&#8221;default&#8221; header_3_font=&#8221;Jost|700|||||||&#8221; header_3_text_align=&#8221;center&#8221; header_3_text_color=&#8221;#000000&#8243; header_3_font_size=&#8221;30px&#8221; header_3_letter_spacing=&#8221;2px&#8221; custom_margin_tablet=&#8221;-118px||||false|false&#8221; custom_margin_phone=&#8221;-60px||||false|false&#8221; custom_margin_last_edited=&#8221;off|desktop&#8221; hover_enabled=&#8221;0&#8243; header_3_font_size_tablet=&#8221;&#8221; header_3_font_size_phone=&#8221;30px&#8221; header_3_font_size_last_edited=&#8221;on|phone&#8221; global_colors_info=&#8221;{}&#8221; sticky_enabled=&#8221;0&#8243;]<\/p>\n<h3 style=\"text-align: left;\">Klimatyzacja<\/h3>\n<p>[\/et_pb_text][et_pb_text _builder_version=&#8221;4.26.0&#8243; _module_preset=&#8221;default&#8221; text_font=&#8221;Syne||||||||&#8221; text_text_color=&#8221;#000000&#8243; text_font_size=&#8221;17px&#8221; text_line_height=&#8221;1.8em&#8221; module_alignment=&#8221;left&#8221; custom_margin=&#8221;15px||||false|false&#8221; custom_margin_tablet=&#8221;-10px||||false|false&#8221; custom_margin_phone=&#8221;-5px||||false|false&#8221; custom_margin_last_edited=&#8221;off|desktop&#8221; hover_enabled=&#8221;0&#8243; global_colors_info=&#8221;{}&#8221; sticky_enabled=&#8221;0&#8243;]<\/p>\n<h3>KLIMATYZATORY MARKI KAISAI<\/h3>\n<p>Proces wymiany powietrza w pomieszczeniu, kt\u00f3ry ma na celu utrzymanie \u017c\u0105danych warunk\u00f3w klimatycznych, czyli odpowiedniej temperatury oraz wilgotno\u015bci powietrza nazywamy klimatyzacj\u0105. Odpowiednio dobrany klimatyzator zapewnia korzystne warunki funkcjonowania cz\u0142owieka lub zapewnia optymalne warunki dla okre\u015blonego procesu przemys\u0142owego (np. w przemy\u015ble spo\u017cywczym).<\/p>\n<p>[\/et_pb_text][et_pb_text _builder_version=&#8221;4.26.0&#8243; _module_preset=&#8221;default&#8221; text_font=&#8221;Syne||||||||&#8221; text_text_color=&#8221;#000000&#8243; text_font_size=&#8221;17px&#8221; text_line_height=&#8221;1.8em&#8221; module_alignment=&#8221;left&#8221; custom_margin=&#8221;25px||||false|false&#8221; custom_margin_tablet=&#8221;-10px||||false|false&#8221; custom_margin_phone=&#8221;-5px||||false|false&#8221; custom_margin_last_edited=&#8221;off|desktop&#8221; custom_padding=&#8221;25px|25px|25px|25px|true|true&#8221; hover_enabled=&#8221;0&#8243; box_shadow_style=&#8221;preset6&#8243; global_colors_info=&#8221;{}&#8221; sticky_enabled=&#8221;0&#8243;]<\/p>\n<p>Najwa\u017cniejsz\u0105 korzy\u015bci\u0105 wynikaj\u0105c\u0105 z posiadania klimatyzacji jest mo\u017cliwo\u015b\u0107 regulacji temperatury. Gdy na zewn\u0105trz panuje upa\u0142, w\u00f3wczas w naszym domu lub mieszkaniu mo\u017cemy przebywa\u0107 w wysoko komfortowych warunkach. Klimatyzator pozwala na spokojny sen wszystkich domownik\u00f3w. Monta\u017c klimatyzator jest wskazany dla os\u00f3b borykaj\u0105cych si\u0119 z wszelkiego rodzaju alergiami oraz dla os\u00f3b posiadaj\u0105cych astm\u0119. Urz\u0105dzenie osusza powietrze dbaj\u0105c w ten spos\u00f3b o \u017cywotno\u015b\u0107 naszego domu i eliminuje z niego wszelk\u0105 wilgo\u0107. W ofercie firmy Kaisai znajduj\u0105 si\u0119 klimatyzatory zar\u00f3wno na\u015bcienne, jak i przeno\u015bne.<\/p>\n<p>&nbsp;<\/p>\n<p>[\/et_pb_text][\/et_pb_column][\/et_pb_row][\/et_pb_section][et_pb_section fb_built=&#8221;1&#8243; _builder_version=&#8221;4.18.0&#8243; _module_preset=&#8221;default&#8221; background_color_gradient_direction=&#8221;90deg&#8221; background_image=&#8221;https:\/\/mitraenergy.pl\/wp-content\/uploads\/2022\/10\/AdobeStock_268782123.jpeg&#8221; parallax=&#8221;on&#8221; parallax_method=&#8221;off&#8221; custom_padding=&#8221;0px||0px||true|false&#8221; global_colors_info=&#8221;{}&#8221;][et_pb_row use_custom_gutter=&#8221;on&#8221; gutter_width=&#8221;1&#8243; make_equal=&#8221;on&#8221; custom_padding_last_edited=&#8221;on|phone&#8221; _builder_version=&#8221;4.16&#8243; _module_preset=&#8221;default&#8221; use_background_color_gradient=&#8221;on&#8221; background_color_gradient_direction=&#8221;0deg&#8221; background_color_gradient_stops=&#8221;rgba(0,0,0,0.2) 0%|rgba(43,47,53,0.7) 100%&#8221; background_color_gradient_overlays_image=&#8221;on&#8221; background_color_gradient_start=&#8221;rgba(0,0,0,0.2)&#8221; background_color_gradient_end=&#8221;rgba(43,47,53,0.7)&#8221; width=&#8221;100%&#8221; width_tablet=&#8221;90%&#8221; width_phone=&#8221;90%&#8221; width_last_edited=&#8221;off|desktop&#8221; max_width=&#8221;100%&#8221; max_width_tablet=&#8221;90%&#8221; max_width_phone=&#8221;90%&#8221; max_width_last_edited=&#8221;off|desktop&#8221; custom_padding=&#8221;20vh||20vh||true|false&#8221; custom_padding_tablet=&#8221;15vh||15vh||true|false&#8221; custom_padding_phone=&#8221;10vh||10vh||true|false&#8221; global_colors_info=&#8221;{}&#8221;][et_pb_column type=&#8221;4_4&#8243; _builder_version=&#8221;4.16&#8243; _module_preset=&#8221;default&#8221; global_colors_info=&#8221;{}&#8221;][et_pb_divider show_divider=&#8221;off&#8221; _builder_version=&#8221;4.18.0&#8243; _module_preset=&#8221;default&#8221; global_colors_info=&#8221;{}&#8221;][\/et_pb_divider][\/et_pb_column][\/et_pb_row][\/et_pb_section][et_pb_section fb_built=&#8221;1&#8243; admin_label=&#8221;Contact Us&#8221; _builder_version=&#8221;4.26.0&#8243; background_color=&#8221;#FFFFFF&#8221; custom_padding=&#8221;45px|0px|45px|0px|true|&#8221; global_module=&#8221;21482&#8243; saved_tabs=&#8221;all&#8221; collapsed=&#8221;off&#8221; global_colors_info=&#8221;{}&#8221;][et_pb_row column_structure=&#8221;1_2,1_2&#8243; use_custom_gutter=&#8221;on&#8221; gutter_width=&#8221;2&#8243; make_equal=&#8221;on&#8221; _builder_version=&#8221;4.18.0&#8243; background_size=&#8221;initial&#8221; background_position=&#8221;top_left&#8221; background_repeat=&#8221;repeat&#8221; custom_margin=&#8221;|||&#8221; custom_padding=&#8221;|||&#8221; use_custom_width=&#8221;on&#8221; custom_width_px=&#8221;1280px&#8221; global_colors_info=&#8221;{}&#8221;][et_pb_column type=&#8221;1_2&#8243; _builder_version=&#8221;4.18.0&#8243; background_color=&#8221;#272727&#8243; custom_padding=&#8221;100px|5%|100px|5%&#8221; border_color_left=&#8221;#FFFFFF&#8221; global_colors_info=&#8221;{}&#8221; custom_padding__hover=&#8221;|||&#8221;][et_pb_text _builder_version=&#8221;4.18.0&#8243; text_font=&#8221;Jost|700|||||||&#8221; text_text_color=&#8221;#ffffff&#8221; text_font_size=&#8221;30px&#8221; text_line_height=&#8221;1.3em&#8221; background_size=&#8221;initial&#8221; background_position=&#8221;top_left&#8221; background_repeat=&#8221;repeat&#8221; text_orientation=&#8221;center&#8221; max_width=&#8221;400px&#8221; module_alignment=&#8221;center&#8221; custom_padding=&#8221;||30px|&#8221; global_colors_info=&#8221;{}&#8221;]<\/p>\n<p>Dane kontaktowe<\/p>\n<p>[\/et_pb_text][et_pb_text _builder_version=&#8221;4.18.0&#8243; text_font=&#8221;Roboto|300|||||||&#8221; text_text_color=&#8221;#ffffff&#8221; text_font_size=&#8221;15px&#8221; text_line_height=&#8221;1.8em&#8221; header_3_font=&#8221;Poppins||||||||&#8221; header_3_text_color=&#8221;#ffffff&#8221; header_3_font_size=&#8221;20px&#8221; background_size=&#8221;initial&#8221; background_position=&#8221;top_left&#8221; background_repeat=&#8221;repeat&#8221; text_orientation=&#8221;center&#8221; module_alignment=&#8221;center&#8221; custom_margin=&#8221;12px||12px|&#8221; global_colors_info=&#8221;{}&#8221;]<\/p>\n<p>Masz pytania?<br \/>Jeste\u015b zainteresowany wsp\u00f3\u0142praca?<br \/>Chcesz u nas pracowa\u0107?<br \/>Skontaktuj sie z nami!<\/p>\n<p>[\/et_pb_text][et_pb_divider color=&#8221;rgba(255,255,255,0.34)&#8221; divider_weight=&#8221;1px&#8221; disabled_on=&#8221;on|on|off&#8221; _builder_version=&#8221;4.16&#8243; max_width=&#8221;400px&#8221; module_alignment=&#8221;center&#8221; height=&#8221;2px&#8221; custom_margin=&#8221;||0px|&#8221; custom_padding=&#8221;14px||14px|&#8221; animation_style=&#8221;zoom&#8221; animation_intensity_zoom=&#8221;20%&#8221; global_colors_info=&#8221;{}&#8221;][\/et_pb_divider][et_pb_text _builder_version=&#8221;4.18.0&#8243; text_font=&#8221;Syne|300|||||||&#8221; text_text_color=&#8221;#ffffff&#8221; text_font_size=&#8221;15px&#8221; text_line_height=&#8221;1.8em&#8221; header_3_font=&#8221;Syne||||||||&#8221; header_3_text_color=&#8221;#ffffff&#8221; header_3_font_size=&#8221;20px&#8221; background_size=&#8221;initial&#8221; background_position=&#8221;top_left&#8221; background_repeat=&#8221;repeat&#8221; text_orientation=&#8221;center&#8221; module_alignment=&#8221;center&#8221; custom_margin=&#8221;12px||12px|&#8221; locked=&#8221;off&#8221; global_colors_info=&#8221;{}&#8221;]<\/p>\n<h3> Telefon<\/h3>\n<p><span style=\"font-size: 15px;\">+48 725 655 786[\/et_pb_text][et_pb_divider color=&#8221;rgba(255,255,255,0.34)&#8221; divider_weight=&#8221;1px&#8221; disabled_on=&#8221;on|on|off&#8221; _builder_version=&#8221;4.16&#8243; max_width=&#8221;400px&#8221; module_alignment=&#8221;center&#8221; height=&#8221;2px&#8221; custom_margin=&#8221;||0px|&#8221; custom_padding=&#8221;14px||14px|&#8221; animation_style=&#8221;zoom&#8221; animation_intensity_zoom=&#8221;20%&#8221; locked=&#8221;off&#8221; global_colors_info=&#8221;{}&#8221;][\/et_pb_divider][et_pb_text _builder_version=&#8221;4.18.0&#8243; text_font=&#8221;Syne|300|||||||&#8221; text_text_color=&#8221;#ffffff&#8221; text_font_size=&#8221;15px&#8221; text_line_height=&#8221;1.8em&#8221; header_3_font=&#8221;Syne||||||||&#8221; header_3_text_color=&#8221;#ffffff&#8221; header_3_font_size=&#8221;20px&#8221; background_size=&#8221;initial&#8221; background_position=&#8221;top_left&#8221; background_repeat=&#8221;repeat&#8221; text_orientation=&#8221;center&#8221; module_alignment=&#8221;center&#8221; custom_margin=&#8221;12px||12px|&#8221; locked=&#8221;off&#8221; global_colors_info=&#8221;{}&#8221;]<\/p>\n<h3><span style=\"font-size: 15px;\">Napisz do nas<\/span><\/h3>\n<p><span style=\"font-size: 15px;\">biuro@mitraenergy.pl<br \/>m.malinowski@mitraenergy.pl<\/span><\/p>\n<p>[\/et_pb_text][\/et_pb_column][et_pb_column type=&#8221;1_2&#8243; _builder_version=&#8221;4.18.0&#8243; background_color=&#8221;#272727&#8243; custom_padding=&#8221;100px|5%|100px|5%&#8221; global_colors_info=&#8221;{}&#8221; custom_padding__hover=&#8221;|||&#8221;][et_pb_contact_form email=&#8221;biuro@mitraenergy.pl&#8221; title=&#8221;Wy\u015blij wiadomo\u015b\u0107&#8221; submit_button_text=&#8221;Wy\u015blij&#8221; _builder_version=&#8221;4.18.0&#8243; _module_preset=&#8221;default&#8221; _unique_id=&#8221;e9ad7e94-de88-45d3-9851-863d5d2a8ad4&#8243; form_field_background_color=&#8221;#474747&#8243; form_field_text_color=&#8221;#FFFFFF&#8221; title_font=&#8221;Jost||||||||&#8221; title_text_color=&#8221;#FFFFFF&#8221; captcha_font=&#8221;Syne||||||||&#8221; captcha_text_color=&#8221;#FFFFFF&#8221; captcha_font_size=&#8221;21px&#8221; form_field_font=&#8221;Syne||||||||&#8221; custom_button=&#8221;on&#8221; button_text_size=&#8221;16px&#8221; button_text_color=&#8221;#181818&#8243; button_bg_color=&#8221;#FFFFFF&#8221; button_border_width=&#8221;1px&#8221; button_border_color=&#8221;#FFFFFF&#8221; button_border_radius=&#8221;0px&#8221; button_font=&#8221;Jost|600|||||||&#8221; button_use_icon=&#8221;off&#8221; box_shadow_style=&#8221;preset2&#8243; global_colors_info=&#8221;{}&#8221; button_text_color__hover=&#8221;#000000&#8243; button_text_color__hover_enabled=&#8221;on|hover&#8221; button_bg_color__hover=&#8221;#ffc905&#8243; button_bg_color__hover_enabled=&#8221;on|hover&#8221; button_border_color__hover=&#8221;#c5a47e&#8221; button_border_color__hover_enabled=&#8221;on|hover&#8221; button_letter_spacing__hover=&#8221;0px&#8221; button_letter_spacing__hover_enabled=&#8221;on|desktop&#8221;][et_pb_contact_field field_id=&#8221;Imi\u0119&#8221; field_title=&#8221;Imi\u0119&#8221; fullwidth_field=&#8221;on&#8221; _builder_version=&#8221;4.18.0&#8243; global_colors_info=&#8221;{}&#8221; button_text_size__hover_enabled=&#8221;off&#8221; button_one_text_size__hover_enabled=&#8221;off&#8221; button_two_text_size__hover_enabled=&#8221;off&#8221; button_text_color__hover_enabled=&#8221;off&#8221; button_one_text_color__hover_enabled=&#8221;off&#8221; button_two_text_color__hover_enabled=&#8221;off&#8221; button_border_width__hover_enabled=&#8221;off&#8221; button_one_border_width__hover_enabled=&#8221;off&#8221; button_two_border_width__hover_enabled=&#8221;off&#8221; button_border_color__hover_enabled=&#8221;off&#8221; button_one_border_color__hover_enabled=&#8221;off&#8221; button_two_border_color__hover_enabled=&#8221;off&#8221; button_border_radius__hover_enabled=&#8221;off&#8221; button_one_border_radius__hover_enabled=&#8221;off&#8221; button_two_border_radius__hover_enabled=&#8221;off&#8221; button_letter_spacing__hover_enabled=&#8221;off&#8221; button_one_letter_spacing__hover_enabled=&#8221;off&#8221; button_two_letter_spacing__hover_enabled=&#8221;off&#8221; button_bg_color__hover_enabled=&#8221;off&#8221; button_one_bg_color__hover_enabled=&#8221;off&#8221; button_two_bg_color__hover_enabled=&#8221;off&#8221;][\/et_pb_contact_field][et_pb_contact_field field_id=&#8221;E-mail&#8221; field_title=&#8221;E-mail&#8221; fullwidth_field=&#8221;on&#8221; _builder_version=&#8221;4.18.0&#8243; global_colors_info=&#8221;{}&#8221; button_text_size__hover_enabled=&#8221;off&#8221; button_one_text_size__hover_enabled=&#8221;off&#8221; button_two_text_size__hover_enabled=&#8221;off&#8221; button_text_color__hover_enabled=&#8221;off&#8221; button_one_text_color__hover_enabled=&#8221;off&#8221; button_two_text_color__hover_enabled=&#8221;off&#8221; button_border_width__hover_enabled=&#8221;off&#8221; button_one_border_width__hover_enabled=&#8221;off&#8221; button_two_border_width__hover_enabled=&#8221;off&#8221; button_border_color__hover_enabled=&#8221;off&#8221; button_one_border_color__hover_enabled=&#8221;off&#8221; button_two_border_color__hover_enabled=&#8221;off&#8221; button_border_radius__hover_enabled=&#8221;off&#8221; button_one_border_radius__hover_enabled=&#8221;off&#8221; button_two_border_radius__hover_enabled=&#8221;off&#8221; button_letter_spacing__hover_enabled=&#8221;off&#8221; button_one_letter_spacing__hover_enabled=&#8221;off&#8221; button_two_letter_spacing__hover_enabled=&#8221;off&#8221; button_bg_color__hover_enabled=&#8221;off&#8221; button_one_bg_color__hover_enabled=&#8221;off&#8221; button_two_bg_color__hover_enabled=&#8221;off&#8221;][\/et_pb_contact_field][et_pb_contact_field field_id=&#8221;Temat&#8221; field_title=&#8221;Temat&#8221; fullwidth_field=&#8221;on&#8221; _builder_version=&#8221;4.18.0&#8243; global_colors_info=&#8221;{}&#8221; button_text_size__hover_enabled=&#8221;off&#8221; button_one_text_size__hover_enabled=&#8221;off&#8221; button_two_text_size__hover_enabled=&#8221;off&#8221; button_text_color__hover_enabled=&#8221;off&#8221; button_one_text_color__hover_enabled=&#8221;off&#8221; button_two_text_color__hover_enabled=&#8221;off&#8221; button_border_width__hover_enabled=&#8221;off&#8221; button_one_border_width__hover_enabled=&#8221;off&#8221; button_two_border_width__hover_enabled=&#8221;off&#8221; button_border_color__hover_enabled=&#8221;off&#8221; button_one_border_color__hover_enabled=&#8221;off&#8221; button_two_border_color__hover_enabled=&#8221;off&#8221; button_border_radius__hover_enabled=&#8221;off&#8221; button_one_border_radius__hover_enabled=&#8221;off&#8221; button_two_border_radius__hover_enabled=&#8221;off&#8221; button_letter_spacing__hover_enabled=&#8221;off&#8221; button_one_letter_spacing__hover_enabled=&#8221;off&#8221; button_two_letter_spacing__hover_enabled=&#8221;off&#8221; button_bg_color__hover_enabled=&#8221;off&#8221; button_one_bg_color__hover_enabled=&#8221;off&#8221; button_two_bg_color__hover_enabled=&#8221;off&#8221;][\/et_pb_contact_field][et_pb_contact_field field_id=&#8221;Message&#8221; field_title=&#8221;Wiadomo\u015b\u0107&#8221; field_type=&#8221;text&#8221; fullwidth_field=&#8221;on&#8221; _builder_version=&#8221;4.16&#8243; global_colors_info=&#8221;{}&#8221; button_text_size__hover_enabled=&#8221;off&#8221; button_one_text_size__hover_enabled=&#8221;off&#8221; button_two_text_size__hover_enabled=&#8221;off&#8221; button_text_color__hover_enabled=&#8221;off&#8221; button_one_text_color__hover_enabled=&#8221;off&#8221; button_two_text_color__hover_enabled=&#8221;off&#8221; button_border_width__hover_enabled=&#8221;off&#8221; button_one_border_width__hover_enabled=&#8221;off&#8221; button_two_border_width__hover_enabled=&#8221;off&#8221; button_border_color__hover_enabled=&#8221;off&#8221; button_one_border_color__hover_enabled=&#8221;off&#8221; button_two_border_color__hover_enabled=&#8221;off&#8221; button_border_radius__hover_enabled=&#8221;off&#8221; button_one_border_radius__hover_enabled=&#8221;off&#8221; button_two_border_radius__hover_enabled=&#8221;off&#8221; button_letter_spacing__hover_enabled=&#8221;off&#8221; button_one_letter_spacing__hover_enabled=&#8221;off&#8221; button_two_letter_spacing__hover_enabled=&#8221;off&#8221; button_bg_color__hover_enabled=&#8221;off&#8221; button_one_bg_color__hover_enabled=&#8221;off&#8221; button_two_bg_color__hover_enabled=&#8221;off&#8221;][\/et_pb_contact_field][\/et_pb_contact_form][\/et_pb_column][\/et_pb_row][\/et_pb_section]<\/p>\n","protected":false},"excerpt":{"rendered":"<p>Ekologiczne rozwi\u0105zaniadla domu i firmyKlimatyzacjaKLIMATYZATORY MARKI KAISAI Proces wymiany powietrza w pomieszczeniu, kt\u00f3ry ma na celu utrzymanie \u017c\u0105danych warunk\u00f3w klimatycznych, czyli odpowiedniej temperatury oraz wilgotno\u015bci powietrza nazywamy klimatyzacj\u0105. Odpowiednio dobrany klimatyzator zapewnia korzystne warunki funkcjonowania cz\u0142owieka lub zapewnia optymalne warunki dla okre\u015blonego procesu przemys\u0142owego (np. w przemy\u015ble spo\u017cywczym).Najwa\u017cniejsz\u0105 korzy\u015bci\u0105 wynikaj\u0105c\u0105 z posiadania klimatyzacji jest mo\u017cliwo\u015b\u0107 [&hellip;]<\/p>\n","protected":false},"author":1,"featured_media":0,"parent":0,"menu_order":0,"comment_status":"closed","ping_status":"closed","template":"","meta":{"_et_pb_use_builder":"on","_et_pb_old_content":"","_et_gb_content_width":"","footnotes":""},"class_list":["post-49873","page","type-page","status-publish","hentry"],"_links":{"self":[{"href":"https:\/\/mitraenergy.pl\/index.php\/wp-json\/wp\/v2\/pages\/49873","targetHints":{"allow":["GET"]}}],"collection":[{"href":"https:\/\/mitraenergy.pl\/index.php\/wp-json\/wp\/v2\/pages"}],"about":[{"href":"https:\/\/mitraenergy.pl\/index.php\/wp-json\/wp\/v2\/types\/page"}],"author":[{"embeddable":true,"href":"https:\/\/mitraenergy.pl\/index.php\/wp-json\/wp\/v2\/users\/1"}],"replies":[{"embeddable":true,"href":"https:\/\/mitraenergy.pl\/index.php\/wp-json\/wp\/v2\/comments?post=49873"}],"version-history":[{"count":4,"href":"https:\/\/mitraenergy.pl\/index.php\/wp-json\/wp\/v2\/pages\/49873\/revisions"}],"predecessor-version":[{"id":49878,"href":"https:\/\/mitraenergy.pl\/index.php\/wp-json\/wp\/v2\/pages\/49873\/revisions\/49878"}],"wp:attachment":[{"href":"https:\/\/mitraenergy.pl\/index.php\/wp-json\/wp\/v2\/media?parent=49873"}],"curies":[{"name":"wp","href":"https:\/\/api.w.org\/{rel}","templated":true}]}}